{"id":510,"date":"2016-03-04T03:32:38","date_gmt":"2016-03-04T03:32:38","guid":{"rendered":"http:\/\/themesgavias.com\/wp\/potisen\/?page_id=510"},"modified":"2022-05-28T18:08:03","modified_gmt":"2022-05-28T18:08:03","slug":"new-2","status":"publish","type":"page","link":"https:\/\/clinicaendogastro.com\/blog\/new-2\/","title":{"rendered":"Blog"},"content":{"rendered":"\t\t<div data-elementor-type=\"wp-post\" data-elementor-id=\"510\" class=\"elementor elementor-510\">\n\t\t\t\t\t\t<section class=\"elementor-section elementor-top-section elementor-element elementor-element-5f08bc2 elementor-section-boxed elementor-section-height-default elementor-section-height-default\" data-id=\"5f08bc2\" data-element_type=\"section\">\n\t\t\t\t\t\t<div class=\"elementor-container elementor-column-gap-default\">\n\t\t\t\t\t<div class=\"elementor-column elementor-col-100 elementor-top-column elementor-element elementor-element-0f2583c\" data-id=\"0f2583c\" data-element_type=\"column\">\n\t\t\t<div class=\"elementor-widget-wrap elementor-element-populated\">\n\t\t\t\t\t\t<div class=\"elementor-element elementor-element-ec7622c elementor-widget elementor-widget-gva-posts\" data-id=\"ec7622c\" data-element_type=\"widget\" data-widget_type=\"gva-posts.default\">\n\t\t\t\t<div class=\"elementor-widget-container\">\n\t\t\t\t\t<div class=\"gva-element-gva-posts gva-element\">  \r\n  <div class=\"gva-posts-grid clearfix gva-posts\">\r\n      <div class=\"gva-content-items\"> \r\n        <div class=\"lg-block-grid-2 md-block-grid-2 sm-block-grid-2 xs-block-grid-1\">\r\n          \n<div class=\"all uncategorized  item-columns\">\n   <article id=\"post-10065\" class=\"post post-10065 type-post status-publish format-standard hentry category-uncategorized\">\n      <div class=\"post-thumbnail\">\n               <\/div>   \n\n      <div class=\"entry-content\">\n         <div class=\"content-inner\">\n            <div class=\"entry-meta\">\n               <span class=\"entry-date\"><a href=\"https:\/\/clinicaendogastro.com\/blog\/verdades-e-mitos-sobre-as-doencas-gastrointestinais\/\" rel=\"bookmark\"><time class=\"entry-date\" datetime=\"2023-11-24T11:05:36+00:00\">24 de novembro de 2023<\/time><\/a><\/span>            <\/div> \n            <h2 class=\"entry-title\"><a href=\"https:\/\/clinicaendogastro.com\/blog\/verdades-e-mitos-sobre-as-doencas-gastrointestinais\/\" rel=\"bookmark\">Verdades e mitos sobre as doen\u00e7as gastrointestinais<\/a><\/h2>\n         <\/div>\n         <div class=\"read-more\"><a href=\"https:\/\/clinicaendogastro.com\/blog\/verdades-e-mitos-sobre-as-doencas-gastrointestinais\/\">Ler mais<\/a><\/div>\n      <\/div>\n   <\/article>   \n<\/div>\n\n  \n<div class=\"all exames  item-columns\">\n   <article id=\"post-10053\" class=\"post post-10053 type-post status-publish format-standard hentry category-exames tag-endogastro tag-endoscopia tag-exame\">\n      <div class=\"post-thumbnail\">\n               <\/div>   \n\n      <div class=\"entry-content\">\n         <div class=\"content-inner\">\n            <div class=\"entry-meta\">\n               <span class=\"entry-date\"><a href=\"https:\/\/clinicaendogastro.com\/blog\/endoscopia-um-exame-essencial-para-a-saude-digestiva\/\" rel=\"bookmark\"><time class=\"entry-date\" datetime=\"2023-10-25T11:36:30+00:00\">25 de outubro de 2023<\/time><\/a><\/span>            <\/div> \n            <h2 class=\"entry-title\"><a href=\"https:\/\/clinicaendogastro.com\/blog\/endoscopia-um-exame-essencial-para-a-saude-digestiva\/\" rel=\"bookmark\">Endoscopia: um exame essencial para a sa\u00fade digestiva<\/a><\/h2>\n         <\/div>\n         <div class=\"read-more\"><a href=\"https:\/\/clinicaendogastro.com\/blog\/endoscopia-um-exame-essencial-para-a-saude-digestiva\/\">Ler mais<\/a><\/div>\n      <\/div>\n   <\/article>   \n<\/div>\n\n  \n<div class=\"all uncategorized  item-columns\">\n   <article id=\"post-10049\" class=\"post post-10049 type-post status-publish format-standard hentry category-uncategorized\">\n      <div class=\"post-thumbnail\">\n               <\/div>   \n\n      <div class=\"entry-content\">\n         <div class=\"content-inner\">\n            <div class=\"entry-meta\">\n               <span class=\"entry-date\"><a href=\"https:\/\/clinicaendogastro.com\/blog\/colostomia-e-ileostomia-para-quem-sao-indicadas-e-os-cuidados-necessarios\/\" rel=\"bookmark\"><time class=\"entry-date\" datetime=\"2023-10-11T17:20:14+00:00\">11 de outubro de 2023<\/time><\/a><\/span>            <\/div> \n            <h2 class=\"entry-title\"><a href=\"https:\/\/clinicaendogastro.com\/blog\/colostomia-e-ileostomia-para-quem-sao-indicadas-e-os-cuidados-necessarios\/\" rel=\"bookmark\">Colostomia e ileostomia: para quem s\u00e3o indicadas?<\/a><\/h2>\n         <\/div>\n         <div class=\"read-more\"><a href=\"https:\/\/clinicaendogastro.com\/blog\/colostomia-e-ileostomia-para-quem-sao-indicadas-e-os-cuidados-necessarios\/\">Ler mais<\/a><\/div>\n      <\/div>\n   <\/article>   \n<\/div>\n\n  \n<div class=\"all uncategorized  item-columns\">\n   <article id=\"post-10017\" class=\"post post-10017 type-post status-publish format-standard has-post-thumbnail hentry category-uncategorized\">\n      <div class=\"post-thumbnail\">\n         <img fetchpriority=\"high\" decoding=\"async\" width=\"768\" height=\"354\" src=\"https:\/\/clinicaendogastro.com\/blog\/wp-content\/uploads\/2023\/05\/bec379db-98b5-4b88-8bb9-17cb3b04d396.png\" class=\"attachment-oxpitan_medium size-oxpitan_medium wp-post-image\" alt=\"Minist\u00e9rio da Sa\u00fade promove ato de encerramento do M\u00eas de Vacina\u00e7\u00e3o dos Povos Ind\u00edgenas\" \/>      <\/div>   \n\n      <div class=\"entry-content\">\n         <div class=\"content-inner\">\n            <div class=\"entry-meta\">\n               <span class=\"entry-date\"><a href=\"https:\/\/clinicaendogastro.com\/blog\/ministerio-da-saude-promove-ato-de-encerramento-do-mes-de-vacinacao-dos-povos-indigenas\/\" rel=\"bookmark\"><time class=\"entry-date\" datetime=\"2023-05-19T19:33:45+00:00\">19 de maio de 2023<\/time><\/a><\/span>            <\/div> \n            <h2 class=\"entry-title\"><a href=\"https:\/\/clinicaendogastro.com\/blog\/ministerio-da-saude-promove-ato-de-encerramento-do-mes-de-vacinacao-dos-povos-indigenas\/\" rel=\"bookmark\">Minist\u00e9rio da Sa\u00fade promove ato de encerramento do M\u00eas de Vacina\u00e7\u00e3o dos Povos Ind\u00edgenas<\/a><\/h2>\n         <\/div>\n         <div class=\"read-more\"><a href=\"https:\/\/clinicaendogastro.com\/blog\/ministerio-da-saude-promove-ato-de-encerramento-do-mes-de-vacinacao-dos-povos-indigenas\/\">Ler mais<\/a><\/div>\n      <\/div>\n   <\/article>   \n<\/div>\n\n          <\/div>\r\n      <\/div>\r\n                <div class=\"pagination\">\r\n                        <\/div>\r\n        <\/div>\r\n  <\/div>\t\t\t\t<\/div>\n\t\t\t\t<\/div>\n\t\t\t\t\t<\/div>\n\t\t<\/div>\n\t\t\t\t\t<\/div>\n\t\t<\/section>\n\t\t\t\t<\/div>\n\t\t","protected":false},"excerpt":{"rendered":"<p>A place where start new life with peace Fashion, Movies January 3, 2016 It is a well-known fact that when any discussion on lead generation takes place, quality conquers over the measure. Though it is clearly known fact that people do not like Read more We can make a difference in families lives LifeStyle, Music [&hellip;]<\/p>\n","protected":false},"author":1,"featured_media":0,"parent":0,"menu_order":0,"comment_status":"closed","ping_status":"closed","template":"","meta":{"footnotes":""},"class_list":["post-510","page","type-page","status-publish","hentry"],"_links":{"self":[{"href":"https:\/\/clinicaendogastro.com\/blog\/wp-json\/wp\/v2\/pages\/510","targetHints":{"allow":["GET"]}}],"collection":[{"href":"https:\/\/clinicaendogastro.com\/blog\/wp-json\/wp\/v2\/pages"}],"about":[{"href":"https:\/\/clinicaendogastro.com\/blog\/wp-json\/wp\/v2\/types\/page"}],"author":[{"embeddable":true,"href":"https:\/\/clinicaendogastro.com\/blog\/wp-json\/wp\/v2\/users\/1"}],"replies":[{"embeddable":true,"href":"https:\/\/clinicaendogastro.com\/blog\/wp-json\/wp\/v2\/comments?post=510"}],"version-history":[{"count":0,"href":"https:\/\/clinicaendogastro.com\/blog\/wp-json\/wp\/v2\/pages\/510\/revisions"}],"wp:attachment":[{"href":"https:\/\/clinicaendogastro.com\/blog\/wp-json\/wp\/v2\/media?parent=510"}],"curies":[{"name":"wp","href":"https:\/\/api.w.org\/{rel}","templated":true}]}}